{"id":10,"date":"2023-06-15T11:10:44","date_gmt":"2023-06-15T11:10:44","guid":{"rendered":"https:\/\/novessendes.atic.green\/confirmacion-de-donacion\/"},"modified":"2023-06-15T11:10:44","modified_gmt":"2023-06-15T11:10:44","slug":"confirmacion-de-donacion","status":"publish","type":"page","link":"https:\/\/novessendes.org\/es\/confirmacion-de-donacion\/","title":{"rendered":"Confirmaci\u00f3n de donaci\u00f3n"},"content":{"rendered":"<div id=\"give-receipt\" data-shortcode=\"{&quot;error&quot;:&quot;Te falta el ID de la donaci\\u00f3n para ver este recibo de donaci\\u00f3n.&quot;,&quot;price&quot;:true,&quot;donor&quot;:true,&quot;date&quot;:true,&quot;payment_method&quot;:true,&quot;payment_id&quot;:true,&quot;payment_status&quot;:false,&quot;company_name&quot;:false,&quot;status_notice&quot;:true}\" data-receipt-type=\"\" data-donation-key=\"\" ><div class=\"placeholder-container-animation\">\n\t<div class=\"timeline-wrapper\">\n\t\t<div class=\"timeline-item\">\n\t\t\t<div class=\"animated-background\">\n\t\t\t\t<div class=\"layer h2 layer-7\">\n\t\t\t\t\t<div class=\"layer-item\"><\/div>\n\t\t\t\t\t<div class=\"layer-item opaque\"><\/div>\n\t\t\t\t<\/div>\n\t\t\t\t<div class=\"layer-gap medium\"><\/div>\n\t\t\t\t<div class=\"layer-gap medium\"><\/div>\n\n\t\t\t\t<div class=\"layer label layer-4\">\n\t\t\t\t\t<div class=\"layer-item\"><\/div>\n\t\t\t\t\t<div class=\"layer-item opaque\"><\/div>\n\t\t\t\t\t<div class=\"layer-item opaque\"><\/div>\n\t\t\t\t\t<div class=\"layer-item\"><\/div>\n\t\t\t\t\t<div class=\"layer-item opaque\"><\/div>\n\t\t\t\t<\/div>\n\t\t\t\t<div class=\"layer-gap small\"><\/div>\n\n\n\t\t\t\t<div class=\"layer h2 layer-5\">\n\t\t\t\t\t<div class=\"layer-item\"><\/div>\n\t\t\t\t\t<div class=\"layer-item opaque\"><\/div>\n\t\t\t\t\t<div class=\"layer-item opaque\"><\/div>\n\t\t\t\t\t<div class=\"layer-item\"><\/div>\n\t\t\t\t\t<div class=\"layer-item opaque\"><\/div>\n\t\t\t\t<\/div>\n\t\t\t\t<div class=\"layer-gap medium\"><\/div>\n\n\n\t\t\t\t<div class=\"layer label layer-4\">\n\t\t\t\t\t<div class=\"layer-item\"><\/div>\n\t\t\t\t\t<div class=\"layer-item opaque\"><\/div>\n\t\t\t\t\t<div class=\"layer-item opaque\"><\/div>\n\t\t\t\t\t<div class=\"layer-item\"><\/div>\n\t\t\t\t\t<div class=\"layer-item opaque\"><\/div>\n\t\t\t\t<\/div>\n\t\t\t\t<div class=\"layer-gap small\"><\/div>\n\t\t\t<\/div>\n\t\t<\/div>\n\t<\/div>\n<\/div>\n<\/div>\n","protected":false},"excerpt":{"rendered":"","protected":false},"author":1,"featured_media":0,"parent":0,"menu_order":0,"comment_status":"closed","ping_status":"closed","template":"","meta":{"give_campaign_id":0,"footnotes":""},"class_list":["post-10","page","type-page","status-publish","hentry"],"yoast_head":"<!-- This site is optimized with the Yoast SEO plugin v27.0 - https:\/\/yoast.com\/product\/yoast-seo-wordpress\/ -->\n<title>Confirmaci\u00f3n de donaci\u00f3n - Novessendes<\/title>\n<meta name=\"robots\" content=\"index, follow, max-snippet:-1, max-image-preview:large, max-video-preview:-1\" \/>\n<link rel=\"canonical\" href=\"https:\/\/novessendes.org\/es\/confirmacion-de-donacion\/\" \/>\n<meta property=\"og:locale\" content=\"es_ES\" \/>\n<meta property=\"og:type\" content=\"article\" \/>\n<meta property=\"og:title\" content=\"Confirmaci\u00f3n de donaci\u00f3n - Novessendes\" \/>\n<meta property=\"og:url\" content=\"https:\/\/novessendes.org\/es\/confirmacion-de-donacion\/\" \/>\n<meta property=\"og:site_name\" content=\"Novessendes\" \/>\n<meta name=\"twitter:card\" content=\"summary_large_image\" \/>\n<script type=\"application\/ld+json\" class=\"yoast-schema-graph\">{\"@context\":\"https:\/\/schema.org\",\"@graph\":[{\"@type\":\"WebPage\",\"@id\":\"https:\/\/novessendes.org\/es\/confirmacion-de-donacion\/\",\"url\":\"https:\/\/novessendes.org\/es\/confirmacion-de-donacion\/\",\"name\":\"Confirmaci\u00f3n de donaci\u00f3n - Novessendes\",\"isPartOf\":{\"@id\":\"https:\/\/novessendes.org\/es\/#website\"},\"datePublished\":\"2023-06-15T11:10:44+00:00\",\"breadcrumb\":{\"@id\":\"https:\/\/novessendes.org\/es\/confirmacion-de-donacion\/#breadcrumb\"},\"inLanguage\":\"es\",\"potentialAction\":[{\"@type\":\"ReadAction\",\"target\":[\"https:\/\/novessendes.org\/es\/confirmacion-de-donacion\/\"]}]},{\"@type\":\"BreadcrumbList\",\"@id\":\"https:\/\/novessendes.org\/es\/confirmacion-de-donacion\/#breadcrumb\",\"itemListElement\":[{\"@type\":\"ListItem\",\"position\":1,\"name\":\"Portada\",\"item\":\"https:\/\/novessendes.org\/es\/\"},{\"@type\":\"ListItem\",\"position\":2,\"name\":\"Confirmaci\u00f3n de donaci\u00f3n\"}]},{\"@type\":\"WebSite\",\"@id\":\"https:\/\/novessendes.org\/es\/#website\",\"url\":\"https:\/\/novessendes.org\/es\/\",\"name\":\"Novessendes\",\"description\":\"Fundaci\u00f3 c\u00edvica Novessendes per millorar el benestar i progr\u00e9s dels ciutadans\",\"publisher\":{\"@id\":\"https:\/\/novessendes.org\/es\/#organization\"},\"potentialAction\":[{\"@type\":\"SearchAction\",\"target\":{\"@type\":\"EntryPoint\",\"urlTemplate\":\"https:\/\/novessendes.org\/es\/?s={search_term_string}\"},\"query-input\":{\"@type\":\"PropertyValueSpecification\",\"valueRequired\":true,\"valueName\":\"search_term_string\"}}],\"inLanguage\":\"es\"},{\"@type\":\"Organization\",\"@id\":\"https:\/\/novessendes.org\/es\/#organization\",\"name\":\"Novessendes\",\"url\":\"https:\/\/novessendes.org\/es\/\",\"logo\":{\"@type\":\"ImageObject\",\"inLanguage\":\"es\",\"@id\":\"https:\/\/novessendes.org\/es\/#\/schema\/logo\/image\/\",\"url\":\"https:\/\/novessendes.org\/wp-content\/uploads\/2020\/09\/logo-novessendes.png\",\"contentUrl\":\"https:\/\/novessendes.org\/wp-content\/uploads\/2020\/09\/logo-novessendes.png\",\"width\":160,\"height\":80,\"caption\":\"Novessendes\"},\"image\":{\"@id\":\"https:\/\/novessendes.org\/es\/#\/schema\/logo\/image\/\"}}]}<\/script>\n<!-- \/ Yoast SEO plugin. -->","yoast_head_json":{"title":"Confirmaci\u00f3n de donaci\u00f3n - Novessendes","robots":{"index":"index","follow":"follow","max-snippet":"max-snippet:-1","max-image-preview":"max-image-preview:large","max-video-preview":"max-video-preview:-1"},"canonical":"https:\/\/novessendes.org\/es\/confirmacion-de-donacion\/","og_locale":"es_ES","og_type":"article","og_title":"Confirmaci\u00f3n de donaci\u00f3n - Novessendes","og_url":"https:\/\/novessendes.org\/es\/confirmacion-de-donacion\/","og_site_name":"Novessendes","twitter_card":"summary_large_image","schema":{"@context":"https:\/\/schema.org","@graph":[{"@type":"WebPage","@id":"https:\/\/novessendes.org\/es\/confirmacion-de-donacion\/","url":"https:\/\/novessendes.org\/es\/confirmacion-de-donacion\/","name":"Confirmaci\u00f3n de donaci\u00f3n - Novessendes","isPartOf":{"@id":"https:\/\/novessendes.org\/es\/#website"},"datePublished":"2023-06-15T11:10:44+00:00","breadcrumb":{"@id":"https:\/\/novessendes.org\/es\/confirmacion-de-donacion\/#breadcrumb"},"inLanguage":"es","potentialAction":[{"@type":"ReadAction","target":["https:\/\/novessendes.org\/es\/confirmacion-de-donacion\/"]}]},{"@type":"BreadcrumbList","@id":"https:\/\/novessendes.org\/es\/confirmacion-de-donacion\/#breadcrumb","itemListElement":[{"@type":"ListItem","position":1,"name":"Portada","item":"https:\/\/novessendes.org\/es\/"},{"@type":"ListItem","position":2,"name":"Confirmaci\u00f3n de donaci\u00f3n"}]},{"@type":"WebSite","@id":"https:\/\/novessendes.org\/es\/#website","url":"https:\/\/novessendes.org\/es\/","name":"Novessendes","description":"Fundaci\u00f3 c\u00edvica Novessendes per millorar el benestar i progr\u00e9s dels ciutadans","publisher":{"@id":"https:\/\/novessendes.org\/es\/#organization"},"potentialAction":[{"@type":"SearchAction","target":{"@type":"EntryPoint","urlTemplate":"https:\/\/novessendes.org\/es\/?s={search_term_string}"},"query-input":{"@type":"PropertyValueSpecification","valueRequired":true,"valueName":"search_term_string"}}],"inLanguage":"es"},{"@type":"Organization","@id":"https:\/\/novessendes.org\/es\/#organization","name":"Novessendes","url":"https:\/\/novessendes.org\/es\/","logo":{"@type":"ImageObject","inLanguage":"es","@id":"https:\/\/novessendes.org\/es\/#\/schema\/logo\/image\/","url":"https:\/\/novessendes.org\/wp-content\/uploads\/2020\/09\/logo-novessendes.png","contentUrl":"https:\/\/novessendes.org\/wp-content\/uploads\/2020\/09\/logo-novessendes.png","width":160,"height":80,"caption":"Novessendes"},"image":{"@id":"https:\/\/novessendes.org\/es\/#\/schema\/logo\/image\/"}}]}},"campaignId":"","_links":{"self":[{"href":"https:\/\/novessendes.org\/es\/wp-json\/wp\/v2\/pages\/10","targetHints":{"allow":["GET"]}}],"collection":[{"href":"https:\/\/novessendes.org\/es\/wp-json\/wp\/v2\/pages"}],"about":[{"href":"https:\/\/novessendes.org\/es\/wp-json\/wp\/v2\/types\/page"}],"author":[{"embeddable":true,"href":"https:\/\/novessendes.org\/es\/wp-json\/wp\/v2\/users\/1"}],"replies":[{"embeddable":true,"href":"https:\/\/novessendes.org\/es\/wp-json\/wp\/v2\/comments?post=10"}],"version-history":[{"count":0,"href":"https:\/\/novessendes.org\/es\/wp-json\/wp\/v2\/pages\/10\/revisions"}],"wp:attachment":[{"href":"https:\/\/novessendes.org\/es\/wp-json\/wp\/v2\/media?parent=10"}],"curies":[{"name":"wp","href":"https:\/\/api.w.org\/{rel}","templated":true}]}}