{"id":11711,"date":"2023-09-13T12:49:19","date_gmt":"2023-09-13T10:49:19","guid":{"rendered":"https:\/\/novessendes.atic.green\/?page_id=11711"},"modified":"2024-09-06T13:19:46","modified_gmt":"2024-09-06T11:19:46","slug":"declaracion-de-accesibilidad","status":"publish","type":"page","link":"https:\/\/novessendes.org\/es\/declaracion-de-accesibilidad\/","title":{"rendered":"Declaraci\u00f3n de Accesibilidad"},"content":{"rendered":"\t\t<div data-elementor-type=\"wp-page\" data-elementor-id=\"11711\" class=\"elementor elementor-11711 elementor-11692\">\n\t\t\t\t\t\t\t\t\t<section class=\"elementor-section elementor-top-section elementor-element elementor-element-d67bdfa elementor-section-boxed elementor-section-height-default elementor-section-height-default\" data-id=\"d67bdfa\" data-element_type=\"section\">\n\t\t\t\t\t\t<div class=\"elementor-container elementor-column-gap-default\">\n\t\t\t\t\t<div class=\"elementor-column elementor-col-100 elementor-top-column elementor-element elementor-element-a8842a6\" data-id=\"a8842a6\" data-element_type=\"column\">\n\t\t\t<div class=\"elementor-widget-wrap elementor-element-populated\">\n\t\t\t\t\t\t\t\t<div class=\"elementor-element elementor-element-6389270 elementor-widget elementor-widget-text-editor\" data-id=\"6389270\" data-element_type=\"widget\" data-widget_type=\"text-editor.default\">\n\t\t\t\t<div class=\"elementor-widget-container\">\n\t\t\t<style>\/*! elementor - v3.14.0 - 26-06-2023 *\/\n.elementor-widget-text-editor.elementor-drop-cap-view-stacked .elementor-drop-cap{background-color:#69727d;color:#fff}.elementor-widget-text-editor.elementor-drop-cap-view-framed .elementor-drop-cap{color:#69727d;border:3px solid;background-color:transparent}.elementor-widget-text-editor:not(.elementor-drop-cap-view-default) .elementor-drop-cap{margin-top:8px}.elementor-widget-text-editor:not(.elementor-drop-cap-view-default) .elementor-drop-cap-letter{width:1em;height:1em}.elementor-widget-text-editor .elementor-drop-cap{float:left;text-align:center;line-height:1;font-size:50px}.elementor-widget-text-editor .elementor-drop-cap-letter{display:inline-block}<\/style>\t\t\t\t<div class=\"elementor-element elementor-element-2134ebb elementor-widget elementor-widget-text-editor\" data-id=\"2134ebb\" data-element_type=\"widget\" data-widget_type=\"text-editor.default\">\n<div class=\"elementor-widget-container\">\n<div class=\"elementor-element elementor-element-2134ebb elementor-widget elementor-widget-text-editor\" data-id=\"2134ebb\" data-element_type=\"widget\" data-widget_type=\"text-editor.default\">\n<div class=\"elementor-widget-container\">\n\nEn novessendes.org, nos esforzamos por garantizar que nuestra plataforma sea accesible para todas las personas, incluyendo aquellas con discapacidades. Estamos comprometidos a hacer que nuestro sitio web sea f\u00e1cilmente accesible y utilizable para todos los usuarios, independientemente de su capacidad o tecnolog\u00eda utilizada para acceder a nuestro sitio web.\n<br><br>\n\nPara lograr este objetivo, hemos implementado las siguientes pr\u00e1cticas de accesibilidad en nuestro sitio web:\n<br><br>\nDise\u00f1o Responsivo: nuestro sitio web est\u00e1 dise\u00f1ado para ser compatible con diferentes tama\u00f1os de pantalla, dispositivos m\u00f3viles y navegadores web.\n<br><br>\nNavegaci\u00f3n clara y consistente: el contenido de nuestro sitio web se organiza de manera clara y consistente para ayudar a los usuarios a encontrar f\u00e1cilmente lo que est\u00e1n buscando. Adem\u00e1s, proporcionamos etiquetas adecuadas y descripciones de contenido para ayudar a los usuarios a navegar nuestro sitio web.\n<br><br>\nAccesibilidad del contenido: trabajamos para garantizar que todo el contenido de nuestro sitio web sea f\u00e1cilmente accesible, incluidas im\u00e1genes y videos, proporcionando alternativas textuales.\n<br><br>\nUso de tecnolog\u00eda de asistencia: nuestro sitio web es compatible con tecnolog\u00edas de asistencia, como lectores de pantalla y teclados de navegaci\u00f3n.\n<br><br>\nPruebas regulares: regularmente probamos nuestro sitio web para verificar su accesibilidad y hacer mejoras donde sea necesario.\n<br><br>\nEstamos comprometidos a continuar mejorando la accesibilidad de nuestro sitio web. Si tiene alguna pregunta, comentario o sugerencia sobre la accesibilidad de nuestro sitio web, no dude en contactarnos. Agradecemos sus comentarios y siempre estamos trabajando para mejorar la experiencia de los usuarios en nuestro sitio web.\n<br><br>\n<\/div>\n<\/div>\n<div class=\"elementor-element elementor-element-68e0b3f elementor-widget elementor-widget-text-editor\" data-id=\"68e0b3f\" data-element_type=\"widget\" data-widget_type=\"text-editor.default\">\n<div class=\"elementor-widget-container\">\n\n<strong>novessendes.org<\/strong><span>\u00a0<\/span>se ha comprometido a hacer accesibles sus sitios web, de conformidad con el<span>\u00a0<\/span><strong><a href=\"https:\/\/www.boe.es\/buscar\/act.php?id=BOE-A-2018-12699\" target=\"_blank\" rel=\"noopener\" data-linktype=\"external\" data-val=\"https:\/\/www.boe.es\/buscar\/act.php?id=BOE-A-2018-12699\">Real Decreto 1112\/2018<\/a><\/strong>, de 7 de septiembre, sobre accesibilidad de los sitios web y aplicaciones para dispositivos m\u00f3viles del sector p\u00fablico, por la que se traspone al ordenamiento jur\u00eddico espa\u00f1ol la<span>\u00a0<\/span><a href=\"http:\/\/eur-lex.europa.eu\/legal-content\/ES\/TXT\/?uri=uriserv:OJ.L_.2016.327.01.0001.01.SPA&amp;toc=OJ:L:2016:327:FULL\" target=\"_blank\" rel=\"noopener\" data-linktype=\"external\" data-val=\"http:\/\/eur-lex.europa.eu\/legal-content\/ES\/TXT\/?uri=uriserv:OJ.L_.2016.327.01.0001.01.SPA&amp;toc=OJ:L:2016:327:FULL\">Directiva (UE) 2016\/2102 del Parlamento Europeo y del Consejo<\/a>.\n<br><br>\nLa presente declaraci\u00f3n de accesibilidad se aplica al portal institucional<span>\u00a0<\/span><a href=\"https:\/\/www.novessendes.org\/\">www.novessendes.org<\/a>\n\n<\/div>\n<\/div>\n<div class=\"elementor-element elementor-element-53c1df8 elementor-widget elementor-widget-litho-heading\" data-id=\"53c1df8\" data-element_type=\"widget\" data-widget_type=\"litho-heading.default\">\n<div class=\"elementor-widget-container\">\n<h6 class=\"litho-heading elementor-size-default\"><span class=\"litho-primary-title\">Situaci\u00f3n de cumplimiento<\/span><\/h6>\n<\/div>\n<\/div>\n<div class=\"elementor-element elementor-element-40eb5268 elementor-widget elementor-widget-text-editor\" data-id=\"40eb5268\" data-element_type=\"widget\" data-widget_type=\"text-editor.default\">\n<div class=\"elementor-widget-container\">\n\nEste sitio web es<span>\u00a0<\/span><strong>parcialmente conforme<\/strong><span>\u00a0<\/span>con el<span>\u00a0<\/span><a title=\"RD 1112\/2018\" href=\"https:\/\/www.boe.es\/diario_boe\/txt.php?id=BOE-A-2018-12699\" target=\"_blank\" rel=\"noopener\" data-linktype=\"external\" data-val=\"https:\/\/www.boe.es\/diario_boe\/txt.php?id=BOE-A-2018-12699\"><strong>RD 1112\/2018<\/strong><\/a><span>\u00a0<\/span>debido a las excepciones y a la falta de conformidad de los aspectos que se indican a continuaci\u00f3n.\n<br><br>\n<\/div>\n<\/div>\n<div class=\"elementor-element elementor-element-ee885d3 elementor-widget elementor-widget-litho-heading\" data-id=\"ee885d3\" data-element_type=\"widget\" data-widget_type=\"litho-heading.default\">\n<div class=\"elementor-widget-container\">\n<h6 class=\"litho-heading elementor-size-default\"><span class=\"litho-primary-title\">Contenido no accesible<\/span><\/h6>\n<\/div>\n<\/div>\n<div class=\"elementor-element elementor-element-35624258 elementor-widget elementor-widget-text-editor\" data-id=\"35624258\" data-element_type=\"widget\" data-widget_type=\"text-editor.default\">\n<div class=\"elementor-widget-container\">\n\nEl contenido que se recoge a continuaci\u00f3n no es accesible por lo siguiente:\n<ol>\n \t<li><strong>Falta de conformidad con el RD 1112\/2018<\/strong>\n<ul>\n \t<li>Debido a la automatizaci\u00f3n de algunas de las publicaciones podr\u00edan existir p\u00e1ginas con un incorrecto anidamiento de etiquetas HTML.<\/li>\n \t<li>Existen documentos en formato PDF que no cumplen con la normativa existiendo en algunos de ellos, una alternativa textual HTML que cumple la normativa.<\/li>\n \t<li>Podr\u00edan existir fallos puntuales de edici\u00f3n en alguna p\u00e1gina web.<\/li>\n<\/ul>\n<\/li>\n \t<li><strong>Carga desproporcionada<\/strong>\n<ul>\n \t<li>No aplica.<\/li>\n<\/ul>\n<\/li>\n \t<li><strong>Contenido que no entra dentro del \u00e1mbito de la legislaci\u00f3n aplicable<\/strong>\n<ul>\n \t<li>Archivos ofim\u00e1ticos en PDF u otros formatos, as\u00ed como aplicaciones publicadas antes del 20 de septiembre de 2018 que no cumplan en su totalidad todos los requisitos de accesibilidad.<\/li>\n \t<li>Contenidos multimedia en directo.<\/li>\n \t<li>Contenido multimedia pregrabado de base temporal<span>\u00a0<\/span><em>del pleno y ruedas de prensa<\/em>, o publicado antes de la entrada en vigor del Real Decreto.<\/li>\n \t<li>Servicios de mapa y cartograf\u00eda en l\u00ednea.<\/li>\n<\/ul>\n<\/li>\n<\/ol>\n<\/div>\n<\/div>\n<div class=\"elementor-element elementor-element-3b9d6de7 elementor-widget elementor-widget-litho-heading\" data-id=\"3b9d6de7\" data-element_type=\"widget\" data-widget_type=\"litho-heading.default\">\n<div class=\"elementor-widget-container\">\n<h6 class=\"litho-heading elementor-size-default\"><span class=\"litho-primary-title\">Preparaci\u00f3n de la presente declaraci\u00f3n de accesibilidad<\/span><\/h6>\n<\/div>\n<\/div>\n<div class=\"elementor-element elementor-element-7be12327 elementor-widget elementor-widget-text-editor\" data-id=\"7be12327\" data-element_type=\"widget\" data-widget_type=\"text-editor.default\">\n<div class=\"elementor-widget-container\">\n\nLa presente declaraci\u00f3n fue preparada el 30 de marzo de 2023.\n\nEl m\u00e9todo empleado para preparar la declaraci\u00f3n ha sido una autoevaluaci\u00f3n llevada a cabo por el propio organismo.\n\n\u00daltima revisi\u00f3n de la declaraci\u00f3n: 04 de abril de 2023.\n\n<\/div>\n<\/div>\n<div class=\"elementor-element elementor-element-724c8c3c elementor-widget elementor-widget-litho-heading\" data-id=\"724c8c3c\" data-element_type=\"widget\" data-widget_type=\"litho-heading.default\">\n<div class=\"elementor-widget-container\">\n<h6 class=\"litho-heading elementor-size-default\"><span class=\"litho-primary-title\">Observaciones y datos de contacto<\/span><\/h6>\n<\/div>\n<\/div>\n<div class=\"elementor-element elementor-element-53038d0d elementor-widget elementor-widget-text-editor\" data-id=\"53038d0d\" data-element_type=\"widget\" data-widget_type=\"text-editor.default\">\n<div class=\"elementor-widget-container\">\n\nPuede realizar<span>\u00a0<\/span><strong>comunicaciones<\/strong><span>\u00a0<\/span>sobre requisitos de accesibilidad (art\u00edculo 10.2 del RD 1112\/2018) como por ejemplo:\n<ul>\n \t<li>informar sobre cualquier posible incumplimiento por parte de este sitio web<\/li>\n \t<li>transmitir otras<span>\u00a0<\/span><strong>dificultades de acceso<\/strong><span>\u00a0<\/span>al contenido<\/li>\n \t<li>formular cualquier otra<span>\u00a0<\/span><strong>consulta o sugerencia de mejora<\/strong><span>\u00a0<\/span>relativa a la accesibilidad del sitio web<\/li>\n<\/ul>\nA trav\u00e9s de las siguientes v\u00edas:\n\nCorreo electr\u00f3nico:<span>\u00a0<\/span><a href=\"mailto:info@novessendes.org\">info@novessendes.org<\/a>\n\nLas comunicaciones ser\u00e1n recibidas y tratadas por la Subdirecci\u00f3n General de Servicios Web, Transparencia y Protecci\u00f3n de Datos (Secretar\u00eda General T\u00e9cnica), como unidad responsable de los contenidos de este sitio web.\n\n<\/div>\n<\/div>\n<div class=\"elementor-element elementor-element-583b0f31 elementor-widget elementor-widget-litho-heading\" data-id=\"583b0f31\" data-element_type=\"widget\" data-widget_type=\"litho-heading.default\">\n<div class=\"elementor-widget-container\">\n<h6 class=\"litho-heading elementor-size-default\"><span class=\"litho-primary-title\">Procedimiento de aplicaci\u00f3n<\/span><\/h6>\n<\/div>\n<\/div>\n<div class=\"elementor-element elementor-element-7ef1e2d1 elementor-widget elementor-widget-text-editor\" data-id=\"7ef1e2d1\" data-element_type=\"widget\" data-widget_type=\"text-editor.default\">\n<div class=\"elementor-widget-container\">\n\nA trav\u00e9s de este procedimiento podr\u00e1 iniciar una reclamaci\u00f3n para conocer y oponerse a los motivos de la desestimaci\u00f3n de una solicitud de informaci\u00f3n accesible o queja, instar la adopci\u00f3n de las medidas oportunas en el caso de no estar de acuerdo con la decisi\u00f3n adoptada, o exponer las razones por las que se considera que la respuesta no cumple con los requisitos exigidos.\n\nEnlace al<span>\u00a0<\/span><a href=\"https:\/\/sedeminhap.gob.es\/es-ES\/Organos\/SecretariaGeneralTecnica\/Procedimientos\/Paginas\/Default.aspx?IdProcedimiento=1771&amp;p=2\" target=\"_blank\" rel=\"noopener\">Procedimiento de reclamaci\u00f3n contra la desestimaci\u00f3n de la solicitud o queja en materia de accesibilidad web<\/a>, que debe dirigir a la Unidad responsable de accesibilidad de este Ministerio, o si la reclamaci\u00f3n es por una actuaci\u00f3n de dicha Unidad, al superior jer\u00e1rquico de \u00e9sta.\n\n<\/div>\n<\/div>\n<div class=\"elementor-element elementor-element-513179ee elementor-widget elementor-widget-litho-heading\" data-id=\"513179ee\" data-element_type=\"widget\" data-widget_type=\"litho-heading.default\">\n<div class=\"elementor-widget-container\">\n<h6 class=\"litho-heading elementor-size-default\"><span class=\"litho-primary-title\">Contenido opcional<\/span><\/h6>\n<\/div>\n<\/div>\n<div class=\"elementor-element elementor-element-19a76d3f elementor-widget elementor-widget-text-editor\" data-id=\"19a76d3f\" data-element_type=\"widget\" data-widget_type=\"text-editor.default\">\n<div class=\"elementor-widget-container\">\n\nLa versi\u00f3n actualmente visible de este sitio web es de marzo de 2023 y en esa fecha se hizo la revisi\u00f3n del nivel de accesibilidad vigente en aquel momento.\n<br><br>\nA partir de dicha fecha se llevan a cabo revisiones parciales diarias del contenido web nuevo o modificado, tanto de las plantillas como de las p\u00e1ginas y documentos finales publicados, a fin de asegurar el cumplimiento de los requerimientos de accesibilidad de la Norma UNE-EN 301549:2019, considerando las excepciones del Real Decreto 1112\/2018, de 7 de septiembre.\n<br><br>\nEntre otras se adoptan las siguientes medidas para facilitar la accesibilidad:\n<br><br>\nUtilizaci\u00f3n de texto alternativo en las im\u00e1genes\nLos enlaces ofrecen detalles de la funci\u00f3n o destino del hiperv\u00ednculo. Uso de los est\u00e1ndares del W3C: XHTML 1.0, CSS 3.0, WAI AA.\n\n<\/div>\n<\/div>\n<\/div>\n<\/div>\t\t\t\t\t\t<\/div>\n\t\t\t\t<\/div>\n\t\t\t\t\t<\/div>\n\t\t<\/div>\n\t\t\t\t\t\t\t<\/div>\n\t\t<\/section>\n\t\t\t\t\t\t\t<\/div>\n\t\t","protected":false},"excerpt":{"rendered":"<p>En novessendes.org, nos esforzamos por garantizar que nuestra plataforma sea accesible para todas las personas, incluyendo aquellas con discapacidades. Estamos comprometidos a hacer que nuestro sitio web sea f\u00e1cilmente accesible y utilizable para todos los usuarios, independientemente de su capacidad o tecnolog\u00eda utilizada para acceder a nuestro sitio web. Para lograr este objetivo, hemos implementado [&hellip;]<\/p>\n","protected":false},"author":1,"featured_media":0,"parent":0,"menu_order":0,"comment_status":"closed","ping_status":"closed","template":"","meta":{"give_campaign_id":0,"footnotes":""},"class_list":["post-11711","page","type-page","status-publish","hentry"],"yoast_head":"<!-- This site is optimized with the Yoast SEO plugin v27.0 - https:\/\/yoast.com\/product\/yoast-seo-wordpress\/ -->\n<title>Declaraci\u00f3n de Accesibilidad - Novessendes<\/title>\n<meta name=\"robots\" content=\"index, follow, max-snippet:-1, max-image-preview:large, max-video-preview:-1\" \/>\n<link rel=\"canonical\" href=\"https:\/\/novessendes.org\/es\/declaracion-de-accesibilidad\/\" \/>\n<meta property=\"og:locale\" content=\"es_ES\" \/>\n<meta property=\"og:type\" content=\"article\" \/>\n<meta property=\"og:title\" content=\"Declaraci\u00f3n de Accesibilidad - Novessendes\" \/>\n<meta property=\"og:description\" content=\"En novessendes.org, nos esforzamos por garantizar que nuestra plataforma sea accesible para todas las personas, incluyendo aquellas con discapacidades. Estamos comprometidos a hacer que nuestro sitio web sea f\u00e1cilmente accesible y utilizable para todos los usuarios, independientemente de su capacidad o tecnolog\u00eda utilizada para acceder a nuestro sitio web. Para lograr este objetivo, hemos implementado [&hellip;]\" \/>\n<meta property=\"og:url\" content=\"https:\/\/novessendes.org\/es\/declaracion-de-accesibilidad\/\" \/>\n<meta property=\"og:site_name\" content=\"Novessendes\" \/>\n<meta property=\"article:modified_time\" content=\"2024-09-06T11:19:46+00:00\" \/>\n<meta name=\"twitter:card\" content=\"summary_large_image\" \/>\n<meta name=\"twitter:label1\" content=\"Tiempo de lectura\" \/>\n\t<meta name=\"twitter:data1\" content=\"12 minutos\" \/>\n<script type=\"application\/ld+json\" class=\"yoast-schema-graph\">{\"@context\":\"https:\/\/schema.org\",\"@graph\":[{\"@type\":\"WebPage\",\"@id\":\"https:\/\/novessendes.org\/es\/declaracion-de-accesibilidad\/\",\"url\":\"https:\/\/novessendes.org\/es\/declaracion-de-accesibilidad\/\",\"name\":\"Declaraci\u00f3n de Accesibilidad - Novessendes\",\"isPartOf\":{\"@id\":\"https:\/\/novessendes.org\/es\/#website\"},\"datePublished\":\"2023-09-13T10:49:19+00:00\",\"dateModified\":\"2024-09-06T11:19:46+00:00\",\"breadcrumb\":{\"@id\":\"https:\/\/novessendes.org\/es\/declaracion-de-accesibilidad\/#breadcrumb\"},\"inLanguage\":\"es\",\"potentialAction\":[{\"@type\":\"ReadAction\",\"target\":[\"https:\/\/novessendes.org\/es\/declaracion-de-accesibilidad\/\"]}]},{\"@type\":\"BreadcrumbList\",\"@id\":\"https:\/\/novessendes.org\/es\/declaracion-de-accesibilidad\/#breadcrumb\",\"itemListElement\":[{\"@type\":\"ListItem\",\"position\":1,\"name\":\"Portada\",\"item\":\"https:\/\/novessendes.org\/es\/\"},{\"@type\":\"ListItem\",\"position\":2,\"name\":\"Declaraci\u00f3n de Accesibilidad\"}]},{\"@type\":\"WebSite\",\"@id\":\"https:\/\/novessendes.org\/es\/#website\",\"url\":\"https:\/\/novessendes.org\/es\/\",\"name\":\"Novessendes\",\"description\":\"Fundaci\u00f3 c\u00edvica Novessendes per millorar el benestar i progr\u00e9s dels ciutadans\",\"publisher\":{\"@id\":\"https:\/\/novessendes.org\/es\/#organization\"},\"potentialAction\":[{\"@type\":\"SearchAction\",\"target\":{\"@type\":\"EntryPoint\",\"urlTemplate\":\"https:\/\/novessendes.org\/es\/?s={search_term_string}\"},\"query-input\":{\"@type\":\"PropertyValueSpecification\",\"valueRequired\":true,\"valueName\":\"search_term_string\"}}],\"inLanguage\":\"es\"},{\"@type\":\"Organization\",\"@id\":\"https:\/\/novessendes.org\/es\/#organization\",\"name\":\"Novessendes\",\"url\":\"https:\/\/novessendes.org\/es\/\",\"logo\":{\"@type\":\"ImageObject\",\"inLanguage\":\"es\",\"@id\":\"https:\/\/novessendes.org\/es\/#\/schema\/logo\/image\/\",\"url\":\"https:\/\/novessendes.org\/wp-content\/uploads\/2020\/09\/logo-novessendes.png\",\"contentUrl\":\"https:\/\/novessendes.org\/wp-content\/uploads\/2020\/09\/logo-novessendes.png\",\"width\":160,\"height\":80,\"caption\":\"Novessendes\"},\"image\":{\"@id\":\"https:\/\/novessendes.org\/es\/#\/schema\/logo\/image\/\"}}]}<\/script>\n<!-- \/ Yoast SEO plugin. -->","yoast_head_json":{"title":"Declaraci\u00f3n de Accesibilidad - Novessendes","robots":{"index":"index","follow":"follow","max-snippet":"max-snippet:-1","max-image-preview":"max-image-preview:large","max-video-preview":"max-video-preview:-1"},"canonical":"https:\/\/novessendes.org\/es\/declaracion-de-accesibilidad\/","og_locale":"es_ES","og_type":"article","og_title":"Declaraci\u00f3n de Accesibilidad - Novessendes","og_description":"En novessendes.org, nos esforzamos por garantizar que nuestra plataforma sea accesible para todas las personas, incluyendo aquellas con discapacidades. Estamos comprometidos a hacer que nuestro sitio web sea f\u00e1cilmente accesible y utilizable para todos los usuarios, independientemente de su capacidad o tecnolog\u00eda utilizada para acceder a nuestro sitio web. Para lograr este objetivo, hemos implementado [&hellip;]","og_url":"https:\/\/novessendes.org\/es\/declaracion-de-accesibilidad\/","og_site_name":"Novessendes","article_modified_time":"2024-09-06T11:19:46+00:00","twitter_card":"summary_large_image","twitter_misc":{"Tiempo de lectura":"12 minutos"},"schema":{"@context":"https:\/\/schema.org","@graph":[{"@type":"WebPage","@id":"https:\/\/novessendes.org\/es\/declaracion-de-accesibilidad\/","url":"https:\/\/novessendes.org\/es\/declaracion-de-accesibilidad\/","name":"Declaraci\u00f3n de Accesibilidad - Novessendes","isPartOf":{"@id":"https:\/\/novessendes.org\/es\/#website"},"datePublished":"2023-09-13T10:49:19+00:00","dateModified":"2024-09-06T11:19:46+00:00","breadcrumb":{"@id":"https:\/\/novessendes.org\/es\/declaracion-de-accesibilidad\/#breadcrumb"},"inLanguage":"es","potentialAction":[{"@type":"ReadAction","target":["https:\/\/novessendes.org\/es\/declaracion-de-accesibilidad\/"]}]},{"@type":"BreadcrumbList","@id":"https:\/\/novessendes.org\/es\/declaracion-de-accesibilidad\/#breadcrumb","itemListElement":[{"@type":"ListItem","position":1,"name":"Portada","item":"https:\/\/novessendes.org\/es\/"},{"@type":"ListItem","position":2,"name":"Declaraci\u00f3n de Accesibilidad"}]},{"@type":"WebSite","@id":"https:\/\/novessendes.org\/es\/#website","url":"https:\/\/novessendes.org\/es\/","name":"Novessendes","description":"Fundaci\u00f3 c\u00edvica Novessendes per millorar el benestar i progr\u00e9s dels ciutadans","publisher":{"@id":"https:\/\/novessendes.org\/es\/#organization"},"potentialAction":[{"@type":"SearchAction","target":{"@type":"EntryPoint","urlTemplate":"https:\/\/novessendes.org\/es\/?s={search_term_string}"},"query-input":{"@type":"PropertyValueSpecification","valueRequired":true,"valueName":"search_term_string"}}],"inLanguage":"es"},{"@type":"Organization","@id":"https:\/\/novessendes.org\/es\/#organization","name":"Novessendes","url":"https:\/\/novessendes.org\/es\/","logo":{"@type":"ImageObject","inLanguage":"es","@id":"https:\/\/novessendes.org\/es\/#\/schema\/logo\/image\/","url":"https:\/\/novessendes.org\/wp-content\/uploads\/2020\/09\/logo-novessendes.png","contentUrl":"https:\/\/novessendes.org\/wp-content\/uploads\/2020\/09\/logo-novessendes.png","width":160,"height":80,"caption":"Novessendes"},"image":{"@id":"https:\/\/novessendes.org\/es\/#\/schema\/logo\/image\/"}}]}},"campaignId":"","_links":{"self":[{"href":"https:\/\/novessendes.org\/es\/wp-json\/wp\/v2\/pages\/11711","targetHints":{"allow":["GET"]}}],"collection":[{"href":"https:\/\/novessendes.org\/es\/wp-json\/wp\/v2\/pages"}],"about":[{"href":"https:\/\/novessendes.org\/es\/wp-json\/wp\/v2\/types\/page"}],"author":[{"embeddable":true,"href":"https:\/\/novessendes.org\/es\/wp-json\/wp\/v2\/users\/1"}],"replies":[{"embeddable":true,"href":"https:\/\/novessendes.org\/es\/wp-json\/wp\/v2\/comments?post=11711"}],"version-history":[{"count":7,"href":"https:\/\/novessendes.org\/es\/wp-json\/wp\/v2\/pages\/11711\/revisions"}],"predecessor-version":[{"id":14671,"href":"https:\/\/novessendes.org\/es\/wp-json\/wp\/v2\/pages\/11711\/revisions\/14671"}],"wp:attachment":[{"href":"https:\/\/novessendes.org\/es\/wp-json\/wp\/v2\/media?parent=11711"}],"curies":[{"name":"wp","href":"https:\/\/api.w.org\/{rel}","templated":true}]}}