{"id":2880,"date":"2020-10-08T06:33:02","date_gmt":"2020-10-08T06:33:02","guid":{"rendered":"https:\/\/bighearts.wgl-demo.net\/?page_id=2880"},"modified":"2020-10-08T06:33:02","modified_gmt":"2020-10-08T06:33:02","slug":"donations-listing","status":"publish","type":"page","link":"https:\/\/novessendes.org\/es\/donations-listing\/","title":{"rendered":"Donations Listing"},"content":{"rendered":"\t\t<div data-elementor-type=\"wp-page\" data-elementor-id=\"2880\" class=\"elementor elementor-2880\">\n\t\t\t\t\t\t\t\t\t<section class=\"elementor-section elementor-top-section elementor-element elementor-element-497f956 elementor-section-boxed elementor-section-height-default elementor-section-height-default\" data-id=\"497f956\" data-element_type=\"section\">\n\t\t\t\t\t\t<div class=\"elementor-container elementor-column-gap-default\">\n\t\t\t\t\t<div class=\"elementor-column elementor-col-100 elementor-top-column elementor-element elementor-element-2be0ced\" data-id=\"2be0ced\" data-element_type=\"column\">\n\t\t\t<div class=\"elementor-widget-wrap elementor-element-populated\">\n\t\t\t\t\t\t\t\t<div class=\"elementor-element elementor-element-95df984 acenter elementor-widget elementor-widget-wgl-double-headings\" data-id=\"95df984\" data-element_type=\"widget\" data-widget_type=\"wgl-double-headings.default\">\n\t\t\t\t<div class=\"elementor-widget-container\">\n\t\t\t        <div class=\"wgl-double_heading\">                <div class=\"dbl__subtitle\"><span>We Help around the world<\/span>                <\/div><h3 class=\"dbl__title-wrapper\"><span class=\"dbl__title dbl-title_1\">Introduse Our Campains<\/span><\/h3>        <\/div>\t\t<\/div>\n\t\t\t\t<\/div>\n\t\t\t\t\t<\/div>\n\t\t<\/div>\n\t\t\t\t\t\t\t<\/div>\n\t\t<\/section>\n\t\t\t\t<section class=\"elementor-section elementor-top-section elementor-element elementor-element-4be8f62 elementor-section-boxed elementor-section-height-default elementor-section-height-default\" data-id=\"4be8f62\" data-element_type=\"section\">\n\t\t\t\t\t\t<div class=\"elementor-container elementor-column-gap-default\">\n\t\t\t\t\t<div class=\"elementor-column elementor-col-100 elementor-top-column elementor-element elementor-element-86f605b\" data-id=\"86f605b\" data-element_type=\"column\">\n\t\t\t<div class=\"elementor-widget-wrap elementor-element-populated\">\n\t\t\t\t\t\t\t\t<div class=\"elementor-element elementor-element-5c0c8ba elementor-widget elementor-widget-spacer\" data-id=\"5c0c8ba\" data-element_type=\"widget\" data-widget_type=\"spacer.default\">\n\t\t\t\t<div class=\"elementor-widget-container\">\n\t\t\t<style>\/*! elementor - v3.14.0 - 26-06-2023 *\/\n.elementor-column .elementor-spacer-inner{height:var(--spacer-size)}.e-con{--container-widget-width:100%}.e-con-inner>.elementor-widget-spacer,.e-con>.elementor-widget-spacer{width:var(--container-widget-width,var(--spacer-size));--align-self:var(--container-widget-align-self,initial);--flex-shrink:0}.e-con-inner>.elementor-widget-spacer>.elementor-widget-container,.e-con-inner>.elementor-widget-spacer>.elementor-widget-container>.elementor-spacer,.e-con>.elementor-widget-spacer>.elementor-widget-container,.e-con>.elementor-widget-spacer>.elementor-widget-container>.elementor-spacer{height:100%}.e-con-inner>.elementor-widget-spacer>.elementor-widget-container>.elementor-spacer>.elementor-spacer-inner,.e-con>.elementor-widget-spacer>.elementor-widget-container>.elementor-spacer>.elementor-spacer-inner{height:var(--container-widget-height,var(--spacer-size))}<\/style>\t\t<div class=\"elementor-spacer\">\n\t\t\t<div class=\"elementor-spacer-inner\"><\/div>\n\t\t<\/div>\n\t\t\t\t<\/div>\n\t\t\t\t<\/div>\n\t\t\t\t\t<\/div>\n\t\t<\/div>\n\t\t\t\t\t\t\t<\/div>\n\t\t<\/section>\n\t\t\t\t<section class=\"elementor-section elementor-top-section elementor-element elementor-element-8acd108 elementor-section-boxed elementor-section-height-default elementor-section-height-default\" data-id=\"8acd108\" data-element_type=\"section\">\n\t\t\t\t\t\t<div class=\"elementor-container elementor-column-gap-default\">\n\t\t\t\t\t<div class=\"elementor-column elementor-col-100 elementor-top-column elementor-element elementor-element-2183723\" data-id=\"2183723\" data-element_type=\"column\">\n\t\t\t<div class=\"elementor-widget-wrap elementor-element-populated\">\n\t\t\t\t\t\t\t\t<div class=\"elementor-element elementor-element-5e2711e aleft elementor-widget elementor-widget-wgl-give-forms\" data-id=\"5e2711e\" data-element_type=\"widget\" data-widget_type=\"wgl-give-forms.default\">\n\t\t\t\t<div class=\"elementor-widget-container\">\n\t\t\t<section class=\"wgl-donation\"><div class=\"wgl-donation__grid grid-col--1 horizontal-layout\"><article class=\"wgl-donation__card\"><div class=\"card__container\"><div class=\"card__media\"><a href=\"https:\/\/novessendes.org\/es\/donations\/help-children-rise-out-of-poverty\/\"><img src='https:\/\/novessendes.org\/wp-content\/uploads\/2020\/08\/donation_01-800x588.jpg' class='donation-img' srcset='https:\/\/novessendes.org\/wp-content\/uploads\/2020\/08\/donation_01-540x588.jpg 435w,https:\/\/novessendes.org\/wp-content\/uploads\/2020\/08\/donation_01-740x545.jpg 704w' sizes='(min-width: 600px) 600px, 435px' alt=''><\/a><\/div><div class=\"card__content\"><h4 class=\"card__title\"><a href=\"https:\/\/novessendes.org\/es\/donations\/help-children-rise-out-of-poverty\/\">Help Children Rise out of Poverty<\/a><\/h4><p class=\"card__excerpt\">Diam volutpat commodo sed egestas egestas fringilla phasellus faucibus scelerisque. Et ligula ullamcorper malesuada proin libero nunc. Quis vel eros donec ac odio tempor. Cursus in hac habitasse platea. Phasellus egestas tellus rutrum tellus pellentesque eu. Non diam...<\/p><div class=\"card__progress\"><div class=\"progress__bar\"><div class=\"bar__container\" style=\"width: 0%\"><span class=\"bar__label\">0%<\/span><\/div><\/div><div class=\"progress__stats\"><div class=\"stats__goal\"><div class=\"stats__info\"><span class=\"stats__label\">Goal:<\/span><span class=\"stats__value\">&#36;20,000<\/span><\/div><\/div><div class=\"stats__raised\"><div class=\"stats__info\"><div class=\"stats__info--aligned\"><span class=\"stats__label\">Raised:<\/span><span class=\"stats__value\">&#36;1,390<\/span><\/div><\/div><\/div><div class=\"stats__lack\"><div class=\"stats__info\"><span class=\"stats__label\">To Go:<\/span><span class=\"stats__value\">&#36;20,000<\/span><\/div><\/div><\/div><\/div><\/div><\/div><\/article><article class=\"wgl-donation__card\"><div class=\"card__container\"><div class=\"card__content\"><h4 class=\"card__title\"><a href=\"https:\/\/novessendes.org\/es\/donations\/little-help-goes-a-long-way\/\">Little Help That Goes a Long Way<\/a><\/h4><p class=\"card__excerpt\">Diam volutpat commodo sed egestas egestas fringilla phasellus faucibus scelerisque. Et ligula ullamcorper malesuada proin libero nunc. Quis vel eros donec ac odio tempor. Cursus in hac habitasse platea. Phasellus egestas tellus rutrum tellus pellentesque eu. Non diam...<\/p><\/div><\/div><\/article><article class=\"wgl-donation__card\"><div class=\"card__container\"><div class=\"card__media\"><a href=\"https:\/\/novessendes.org\/es\/donations\/you-can-give-kids-in-india-clean-water\/\"><img src='https:\/\/novessendes.org\/wp-content\/uploads\/2020\/09\/donation_03-800x588.jpg' class='donation-img' srcset='https:\/\/novessendes.org\/wp-content\/uploads\/2020\/09\/donation_03-540x588.jpg 435w,https:\/\/novessendes.org\/wp-content\/uploads\/2020\/09\/donation_03-740x545.jpg 704w' sizes='(min-width: 600px) 600px, 435px' alt=''><\/a><\/div><div class=\"card__content\"><h4 class=\"card__title\"><a href=\"https:\/\/novessendes.org\/es\/donations\/you-can-give-kids-in-india-clean-water\/\">You Can Give Kids in India Clean Water<\/a><\/h4><p class=\"card__excerpt\">Diam volutpat commodo sed egestas egestas fringilla phasellus faucibus scelerisque. Et ligula ullamcorper malesuada proin libero nunc. Quis vel eros donec ac odio tempor. Cursus in hac habitasse platea. Phasellus egestas tellus rutrum tellus pellentesque eu. Non diam...<\/p><div class=\"card__progress\"><div class=\"progress__bar\"><div class=\"bar__container\" style=\"width: 0%\"><span class=\"bar__label\">0%<\/span><\/div><\/div><div class=\"progress__stats\"><div class=\"stats__goal\"><div class=\"stats__info\"><span class=\"stats__label\">Goal:<\/span><span class=\"stats__value\">&#36;20,000<\/span><\/div><\/div><div class=\"stats__raised\"><div class=\"stats__info\"><div class=\"stats__info--aligned\"><span class=\"stats__label\">Raised:<\/span><span class=\"stats__value\">&#36;40,040<\/span><\/div><\/div><\/div><div class=\"stats__lack\"><div class=\"stats__info\"><span class=\"stats__label\">To Go:<\/span><span class=\"stats__value\">&#36;20,000<\/span><\/div><\/div><\/div><\/div><\/div><\/div><\/article><article class=\"wgl-donation__card\"><div class=\"card__container\"><div class=\"card__media\"><a href=\"https:\/\/novessendes.org\/es\/donations\/lifeskills-for-2587-children-in-south-africa\/\"><img src='https:\/\/novessendes.org\/wp-content\/uploads\/2020\/09\/donation_02-800x588.jpg' class='donation-img' srcset='https:\/\/novessendes.org\/wp-content\/uploads\/2020\/09\/donation_02-540x588.jpg 435w,https:\/\/novessendes.org\/wp-content\/uploads\/2020\/09\/donation_02-740x545.jpg 704w' sizes='(min-width: 600px) 600px, 435px' alt=''><\/a><\/div><div class=\"card__content\"><h4 class=\"card__title\"><a href=\"https:\/\/novessendes.org\/es\/donations\/lifeskills-for-2587-children-in-south-africa\/\">Lifeskills for Children in South Africa<\/a><\/h4><p class=\"card__excerpt\">Diam volutpat commodo sed egestas egestas fringilla phasellus faucibus scelerisque. Et ligula ullamcorper malesuada proin libero nunc. Quis vel eros donec ac odio tempor. Cursus in hac habitasse platea. Phasellus egestas tellus rutrum tellus pellentesque eu. Non diam...<\/p><div class=\"card__progress\"><div class=\"progress__bar\"><div class=\"bar__container\" style=\"width: 0%\"><span class=\"bar__label\">0%<\/span><\/div><\/div><div class=\"progress__stats\"><div class=\"stats__goal\"><div class=\"stats__info\"><span class=\"stats__label\">Goal:<\/span><span class=\"stats__value\">&#36;20,000<\/span><\/div><\/div><div class=\"stats__raised\"><div class=\"stats__info\"><div class=\"stats__info--aligned\"><span class=\"stats__label\">Raised:<\/span><span class=\"stats__value\">&#36;1,850<\/span><\/div><\/div><\/div><div class=\"stats__lack\"><div class=\"stats__info\"><span class=\"stats__label\">To Go:<\/span><span class=\"stats__value\">&#36;20,000<\/span><\/div><\/div><\/div><\/div><\/div><\/div><\/article><article class=\"wgl-donation__card\"><div class=\"card__container\"><div class=\"card__media\"><a href=\"https:\/\/novessendes.org\/es\/donations\/gift-an-education-make-a-life-better\/\"><img src='https:\/\/novessendes.org\/wp-content\/uploads\/2020\/09\/donation_02-800x588.jpg' class='donation-img' srcset='https:\/\/novessendes.org\/wp-content\/uploads\/2020\/09\/donation_02-540x588.jpg 435w,https:\/\/novessendes.org\/wp-content\/uploads\/2020\/09\/donation_02-740x545.jpg 704w' sizes='(min-width: 600px) 600px, 435px' alt=''><\/a><\/div><div class=\"card__content\"><h4 class=\"card__title\"><a href=\"https:\/\/novessendes.org\/es\/donations\/gift-an-education-make-a-life-better\/\">Gift an Education&#8230; Make a Life Better!<\/a><\/h4><p class=\"card__excerpt\">Diam volutpat commodo sed egestas egestas fringilla phasellus faucibus scelerisque. Et ligula ullamcorper malesuada proin libero nunc. Quis vel eros donec ac odio tempor. Cursus in hac habitasse platea. Phasellus egestas tellus rutrum tellus pellentesque eu. Non diam...<\/p><div class=\"card__progress\"><div class=\"progress__bar\"><div class=\"bar__container\" style=\"width: 0%\"><span class=\"bar__label\">0%<\/span><\/div><\/div><div class=\"progress__stats\"><div class=\"stats__goal\"><div class=\"stats__info\"><span class=\"stats__label\">Goal:<\/span><span class=\"stats__value\">&#36;20,000<\/span><\/div><\/div><div class=\"stats__raised\"><div class=\"stats__info\"><div class=\"stats__info--aligned\"><span class=\"stats__label\">Raised:<\/span><span class=\"stats__value\">&#36;40<\/span><\/div><\/div><\/div><div class=\"stats__lack\"><div class=\"stats__info\"><span class=\"stats__label\">To Go:<\/span><span class=\"stats__value\">&#36;20,000<\/span><\/div><\/div><\/div><\/div><\/div><\/div><\/article><article class=\"wgl-donation__card\"><div class=\"card__container\"><div class=\"card__media\"><a href=\"https:\/\/novessendes.org\/es\/donations\/help-these-children-find-their-smiles\/\"><img src='https:\/\/novessendes.org\/wp-content\/uploads\/2020\/10\/donation_06-800x588.jpg' class='donation-img' srcset='https:\/\/novessendes.org\/wp-content\/uploads\/2020\/10\/donation_06-540x588.jpg 435w,https:\/\/novessendes.org\/wp-content\/uploads\/2020\/10\/donation_06-740x545.jpg 704w' sizes='(min-width: 600px) 600px, 435px' alt=''><\/a><\/div><div class=\"card__content\"><h4 class=\"card__title\"><a href=\"https:\/\/novessendes.org\/es\/donations\/help-these-children-find-their-smiles\/\">Help These Children Find Their Smiles<\/a><\/h4><p class=\"card__excerpt\">Diam volutpat commodo sed egestas egestas fringilla phasellus faucibus scelerisque. Et ligula ullamcorper malesuada proin libero nunc. Quis vel eros donec ac odio tempor. Cursus in hac habitasse platea. Phasellus egestas tellus rutrum tellus pellentesque eu. Non diam...<\/p><div class=\"card__progress\"><div class=\"progress__bar\"><div class=\"bar__container\" style=\"width: 0%\"><span class=\"bar__label\">0%<\/span><\/div><\/div><div class=\"progress__stats\"><div class=\"stats__goal\"><div class=\"stats__info\"><span class=\"stats__label\">Goal:<\/span><span class=\"stats__value\">&#36;20,000<\/span><\/div><\/div><div class=\"stats__raised\"><div class=\"stats__info\"><div class=\"stats__info--aligned\"><span class=\"stats__label\">Raised:<\/span><span class=\"stats__value\">&#36;0<\/span><\/div><\/div><\/div><div class=\"stats__lack\"><div class=\"stats__info\"><span class=\"stats__label\">To Go:<\/span><span class=\"stats__value\">&#36;20,000<\/span><\/div><\/div><\/div><\/div><\/div><\/div><\/article><\/div><ul class=\"wgl-pagination\"><li class='page'><span aria-current=\"page\" class=\"page-numbers current\">1<\/span><\/li><li class='page'><a class=\"page-numbers\" href=\"https:\/\/novessendes.org\/es\/wp-json\/wp\/v2\/pages\/2880\/page\/2\/\">2<\/a><\/li><li class='page'><a class=\"page-numbers\" href=\"https:\/\/novessendes.org\/es\/wp-json\/wp\/v2\/pages\/2880\/page\/3\/\">3<\/a><\/li><li class='page'><span class=\"page-numbers dots\">&hellip;<\/span><\/li><li class='page'><a class=\"page-numbers\" href=\"https:\/\/novessendes.org\/es\/wp-json\/wp\/v2\/pages\/2880\/page\/7\/\">7<\/a><\/li><li class='page'><a class=\"next page-numbers\" href=\"https:\/\/novessendes.org\/es\/wp-json\/wp\/v2\/pages\/2880\/page\/2\/\"><i class=\"flaticon-right-arrow-1\"><\/i><\/a><\/li><\/ul><\/section>\t\t<\/div>\n\t\t\t\t<\/div>\n\t\t\t\t\t<\/div>\n\t\t<\/div>\n\t\t\t\t\t\t\t<\/div>\n\t\t<\/section>\n\t\t\t\t<section class=\"elementor-section elementor-top-section elementor-element elementor-element-fa4d0fc elementor-section-boxed elementor-section-height-default elementor-section-height-default\" data-id=\"fa4d0fc\" data-element_type=\"section\">\n\t\t\t\t\t\t<div class=\"elementor-container elementor-column-gap-default\">\n\t\t\t\t\t<div class=\"elementor-column elementor-col-100 elementor-top-column elementor-element elementor-element-4ac28a6\" data-id=\"4ac28a6\" data-element_type=\"column\">\n\t\t\t<div class=\"elementor-widget-wrap elementor-element-populated\">\n\t\t\t\t\t\t\t\t<div class=\"elementor-element elementor-element-e338a4a elementor-widget elementor-widget-spacer\" data-id=\"e338a4a\" data-element_type=\"widget\" data-widget_type=\"spacer.default\">\n\t\t\t\t<div class=\"elementor-widget-container\">\n\t\t\t\t\t<div class=\"elementor-spacer\">\n\t\t\t<div class=\"elementor-spacer-inner\"><\/div>\n\t\t<\/div>\n\t\t\t\t<\/div>\n\t\t\t\t<\/div>\n\t\t\t\t\t<\/div>\n\t\t<\/div>\n\t\t\t\t\t\t\t<\/div>\n\t\t<\/section>\n\t\t\t\t\t\t\t<\/div>\n\t\t","protected":false},"excerpt":{"rendered":"<p>We Help around the world Introduse Our Campains EDUCATION Help Children Rise out of Poverty Diam volutpat commodo sed egestas egestas fringilla phasellus faucibus scelerisque. Et ligula ullamcorper malesuada proin libero nunc. Quis vel eros donec ac odio tempor. Cursus in hac habitasse platea. Phasellus egestas tellus rutrum tellus pellentesque eu. Non diam&#8230; 46%Goal:&#36;20,000Raised:&#36;9,200To Go:&#36;10,800 [&hellip;]<\/p>\n","protected":false},"author":1,"featured_media":0,"parent":0,"menu_order":0,"comment_status":"closed","ping_status":"closed","template":"","meta":{"give_campaign_id":0,"footnotes":""},"class_list":["post-2880","page","type-page","status-publish","hentry"],"yoast_head":"<!-- This site is optimized with the Yoast SEO plugin v27.0 - https:\/\/yoast.com\/product\/yoast-seo-wordpress\/ -->\n<title>Donations Listing - Novessendes<\/title>\n<meta name=\"robots\" content=\"index, follow, max-snippet:-1, max-image-preview:large, max-video-preview:-1\" \/>\n<link rel=\"canonical\" href=\"https:\/\/novessendes.org\/es\/donations-listing\/\" \/>\n<meta property=\"og:locale\" content=\"es_ES\" \/>\n<meta property=\"og:type\" content=\"article\" \/>\n<meta property=\"og:title\" content=\"Donations Listing - Novessendes\" \/>\n<meta property=\"og:description\" content=\"We Help around the world Introduse Our Campains EDUCATION Help Children Rise out of Poverty Diam volutpat commodo sed egestas egestas fringilla phasellus faucibus scelerisque. Et ligula ullamcorper malesuada proin libero nunc. Quis vel eros donec ac odio tempor. Cursus in hac habitasse platea. Phasellus egestas tellus rutrum tellus pellentesque eu. Non diam&#8230; 46%Goal:&#036;20,000Raised:&#036;9,200To Go:&#036;10,800 [&hellip;]\" \/>\n<meta property=\"og:url\" content=\"https:\/\/novessendes.org\/es\/donations-listing\/\" \/>\n<meta property=\"og:site_name\" content=\"Novessendes\" \/>\n<meta property=\"og:image\" content=\"https:\/\/novessendes.org\/wp-content\/uploads\/2020\/08\/donation_01-800x588.jpg\" \/>\n<meta name=\"twitter:card\" content=\"summary_large_image\" \/>\n<meta name=\"twitter:label1\" content=\"Tiempo de lectura\" \/>\n\t<meta name=\"twitter:data1\" content=\"1 minuto\" \/>\n<script type=\"application\/ld+json\" class=\"yoast-schema-graph\">{\"@context\":\"https:\/\/schema.org\",\"@graph\":[{\"@type\":\"WebPage\",\"@id\":\"https:\/\/novessendes.org\/es\/donations-listing\/\",\"url\":\"https:\/\/novessendes.org\/es\/donations-listing\/\",\"name\":\"Donations Listing - Novessendes\",\"isPartOf\":{\"@id\":\"https:\/\/novessendes.org\/es\/#website\"},\"primaryImageOfPage\":{\"@id\":\"https:\/\/novessendes.org\/es\/donations-listing\/#primaryimage\"},\"image\":{\"@id\":\"https:\/\/novessendes.org\/es\/donations-listing\/#primaryimage\"},\"thumbnailUrl\":\"https:\/\/novessendes.org\/wp-content\/uploads\/2020\/08\/donation_01-800x588.jpg\",\"datePublished\":\"2020-10-08T06:33:02+00:00\",\"breadcrumb\":{\"@id\":\"https:\/\/novessendes.org\/es\/donations-listing\/#breadcrumb\"},\"inLanguage\":\"es\",\"potentialAction\":[{\"@type\":\"ReadAction\",\"target\":[\"https:\/\/novessendes.org\/es\/donations-listing\/\"]}]},{\"@type\":\"ImageObject\",\"inLanguage\":\"es\",\"@id\":\"https:\/\/novessendes.org\/es\/donations-listing\/#primaryimage\",\"url\":\"https:\/\/novessendes.org\/wp-content\/uploads\/2020\/08\/donation_01-800x588.jpg\",\"contentUrl\":\"https:\/\/novessendes.org\/wp-content\/uploads\/2020\/08\/donation_01-800x588.jpg\"},{\"@type\":\"BreadcrumbList\",\"@id\":\"https:\/\/novessendes.org\/es\/donations-listing\/#breadcrumb\",\"itemListElement\":[{\"@type\":\"ListItem\",\"position\":1,\"name\":\"Portada\",\"item\":\"https:\/\/novessendes.org\/es\/\"},{\"@type\":\"ListItem\",\"position\":2,\"name\":\"Donations Listing\"}]},{\"@type\":\"WebSite\",\"@id\":\"https:\/\/novessendes.org\/es\/#website\",\"url\":\"https:\/\/novessendes.org\/es\/\",\"name\":\"Novessendes\",\"description\":\"Fundaci\u00f3 c\u00edvica Novessendes per millorar el benestar i progr\u00e9s dels ciutadans\",\"publisher\":{\"@id\":\"https:\/\/novessendes.org\/es\/#organization\"},\"potentialAction\":[{\"@type\":\"SearchAction\",\"target\":{\"@type\":\"EntryPoint\",\"urlTemplate\":\"https:\/\/novessendes.org\/es\/?s={search_term_string}\"},\"query-input\":{\"@type\":\"PropertyValueSpecification\",\"valueRequired\":true,\"valueName\":\"search_term_string\"}}],\"inLanguage\":\"es\"},{\"@type\":\"Organization\",\"@id\":\"https:\/\/novessendes.org\/es\/#organization\",\"name\":\"Novessendes\",\"url\":\"https:\/\/novessendes.org\/es\/\",\"logo\":{\"@type\":\"ImageObject\",\"inLanguage\":\"es\",\"@id\":\"https:\/\/novessendes.org\/es\/#\/schema\/logo\/image\/\",\"url\":\"https:\/\/novessendes.org\/wp-content\/uploads\/2020\/09\/logo-novessendes.png\",\"contentUrl\":\"https:\/\/novessendes.org\/wp-content\/uploads\/2020\/09\/logo-novessendes.png\",\"width\":160,\"height\":80,\"caption\":\"Novessendes\"},\"image\":{\"@id\":\"https:\/\/novessendes.org\/es\/#\/schema\/logo\/image\/\"}}]}<\/script>\n<!-- \/ Yoast SEO plugin. -->","yoast_head_json":{"title":"Donations Listing - Novessendes","robots":{"index":"index","follow":"follow","max-snippet":"max-snippet:-1","max-image-preview":"max-image-preview:large","max-video-preview":"max-video-preview:-1"},"canonical":"https:\/\/novessendes.org\/es\/donations-listing\/","og_locale":"es_ES","og_type":"article","og_title":"Donations Listing - Novessendes","og_description":"We Help around the world Introduse Our Campains EDUCATION Help Children Rise out of Poverty Diam volutpat commodo sed egestas egestas fringilla phasellus faucibus scelerisque. Et ligula ullamcorper malesuada proin libero nunc. Quis vel eros donec ac odio tempor. Cursus in hac habitasse platea. Phasellus egestas tellus rutrum tellus pellentesque eu. Non diam&#8230; 46%Goal:&#36;20,000Raised:&#36;9,200To Go:&#36;10,800 [&hellip;]","og_url":"https:\/\/novessendes.org\/es\/donations-listing\/","og_site_name":"Novessendes","og_image":[{"url":"https:\/\/novessendes.org\/wp-content\/uploads\/2020\/08\/donation_01-800x588.jpg","type":"","width":"","height":""}],"twitter_card":"summary_large_image","twitter_misc":{"Tiempo de lectura":"1 minuto"},"schema":{"@context":"https:\/\/schema.org","@graph":[{"@type":"WebPage","@id":"https:\/\/novessendes.org\/es\/donations-listing\/","url":"https:\/\/novessendes.org\/es\/donations-listing\/","name":"Donations Listing - Novessendes","isPartOf":{"@id":"https:\/\/novessendes.org\/es\/#website"},"primaryImageOfPage":{"@id":"https:\/\/novessendes.org\/es\/donations-listing\/#primaryimage"},"image":{"@id":"https:\/\/novessendes.org\/es\/donations-listing\/#primaryimage"},"thumbnailUrl":"https:\/\/novessendes.org\/wp-content\/uploads\/2020\/08\/donation_01-800x588.jpg","datePublished":"2020-10-08T06:33:02+00:00","breadcrumb":{"@id":"https:\/\/novessendes.org\/es\/donations-listing\/#breadcrumb"},"inLanguage":"es","potentialAction":[{"@type":"ReadAction","target":["https:\/\/novessendes.org\/es\/donations-listing\/"]}]},{"@type":"ImageObject","inLanguage":"es","@id":"https:\/\/novessendes.org\/es\/donations-listing\/#primaryimage","url":"https:\/\/novessendes.org\/wp-content\/uploads\/2020\/08\/donation_01-800x588.jpg","contentUrl":"https:\/\/novessendes.org\/wp-content\/uploads\/2020\/08\/donation_01-800x588.jpg"},{"@type":"BreadcrumbList","@id":"https:\/\/novessendes.org\/es\/donations-listing\/#breadcrumb","itemListElement":[{"@type":"ListItem","position":1,"name":"Portada","item":"https:\/\/novessendes.org\/es\/"},{"@type":"ListItem","position":2,"name":"Donations Listing"}]},{"@type":"WebSite","@id":"https:\/\/novessendes.org\/es\/#website","url":"https:\/\/novessendes.org\/es\/","name":"Novessendes","description":"Fundaci\u00f3 c\u00edvica Novessendes per millorar el benestar i progr\u00e9s dels ciutadans","publisher":{"@id":"https:\/\/novessendes.org\/es\/#organization"},"potentialAction":[{"@type":"SearchAction","target":{"@type":"EntryPoint","urlTemplate":"https:\/\/novessendes.org\/es\/?s={search_term_string}"},"query-input":{"@type":"PropertyValueSpecification","valueRequired":true,"valueName":"search_term_string"}}],"inLanguage":"es"},{"@type":"Organization","@id":"https:\/\/novessendes.org\/es\/#organization","name":"Novessendes","url":"https:\/\/novessendes.org\/es\/","logo":{"@type":"ImageObject","inLanguage":"es","@id":"https:\/\/novessendes.org\/es\/#\/schema\/logo\/image\/","url":"https:\/\/novessendes.org\/wp-content\/uploads\/2020\/09\/logo-novessendes.png","contentUrl":"https:\/\/novessendes.org\/wp-content\/uploads\/2020\/09\/logo-novessendes.png","width":160,"height":80,"caption":"Novessendes"},"image":{"@id":"https:\/\/novessendes.org\/es\/#\/schema\/logo\/image\/"}}]}},"campaignId":"","_links":{"self":[{"href":"https:\/\/novessendes.org\/es\/wp-json\/wp\/v2\/pages\/2880","targetHints":{"allow":["GET"]}}],"collection":[{"href":"https:\/\/novessendes.org\/es\/wp-json\/wp\/v2\/pages"}],"about":[{"href":"https:\/\/novessendes.org\/es\/wp-json\/wp\/v2\/types\/page"}],"author":[{"embeddable":true,"href":"https:\/\/novessendes.org\/es\/wp-json\/wp\/v2\/users\/1"}],"replies":[{"embeddable":true,"href":"https:\/\/novessendes.org\/es\/wp-json\/wp\/v2\/comments?post=2880"}],"version-history":[{"count":0,"href":"https:\/\/novessendes.org\/es\/wp-json\/wp\/v2\/pages\/2880\/revisions"}],"wp:attachment":[{"href":"https:\/\/novessendes.org\/es\/wp-json\/wp\/v2\/media?parent=2880"}],"curies":[{"name":"wp","href":"https:\/\/api.w.org\/{rel}","templated":true}]}}